{"id":2526,"date":"2024-04-23T15:44:48","date_gmt":"2024-04-23T18:44:48","guid":{"rendered":"https:\/\/uninta.online\/digital\/?page_id=2526"},"modified":"2024-04-29T08:34:44","modified_gmt":"2024-04-29T11:34:44","slug":"obrigado-afiliado-uninta","status":"publish","type":"page","link":"https:\/\/uninta.online\/digital\/obrigado-afiliado-uninta\/","title":{"rendered":"Obrigado &#8211; Afiliado UNINTA"},"content":{"rendered":"\t\t<div data-elementor-type=\"wp-page\" data-elementor-id=\"2526\" class=\"elementor elementor-2526\" data-elementor-post-type=\"page\">\n\t\t\t\t\t\t<section class=\"elementor-section elementor-top-section elementor-element elementor-element-995890f elementor-section-boxed elementor-section-height-default elementor-section-height-default\" data-id=\"995890f\" data-element_type=\"section\" data-e-type=\"section\" data-settings=\"{&quot;jet_parallax_layout_list&quot;:[],&quot;background_background&quot;:&quot;classic&quot;}\">\n\t\t\t\t\t\t<div class=\"elementor-container elementor-column-gap-default\">\n\t\t\t\t\t<div class=\"elementor-column elementor-col-100 elementor-top-column elementor-element elementor-element-4848f13\" data-id=\"4848f13\" data-element_type=\"column\" data-e-type=\"column\">\n\t\t\t<div class=\"elementor-widget-wrap elementor-element-populated\">\n\t\t\t\t\t\t<div class=\"elementor-element elementor-element-a556eb1 elementor-widget__width-initial elementor-widget-mobile__width-inherit elementor-widget elementor-widget-heading\" data-id=\"a556eb1\" data-element_type=\"widget\" data-e-type=\"widget\" data-widget_type=\"heading.default\">\n\t\t\t\t<div class=\"elementor-widget-container\">\n\t\t\t\t\t<h3 class=\"elementor-heading-title elementor-size-default\">Agradecemos sua inscri\u00e7\u00e3o! <\/h3>\t\t\t\t<\/div>\n\t\t\t\t<\/div>\n\t\t\t\t<div class=\"elementor-element elementor-element-039156e elementor-widget elementor-widget-spacer\" data-id=\"039156e\" data-element_type=\"widget\" data-e-type=\"widget\" data-widget_type=\"spacer.default\">\n\t\t\t\t<div class=\"elementor-widget-container\">\n\t\t\t\t\t\t\t<div class=\"elementor-spacer\">\n\t\t\t<div class=\"elementor-spacer-inner\"><\/div>\n\t\t<\/div>\n\t\t\t\t\t\t<\/div>\n\t\t\t\t<\/div>\n\t\t\t\t<div class=\"elementor-element elementor-element-f449b2a elementor-widget__width-initial elementor-widget-mobile__width-inherit elementor-widget elementor-widget-heading\" data-id=\"f449b2a\" data-element_type=\"widget\" data-e-type=\"widget\" data-widget_type=\"heading.default\">\n\t\t\t\t<div class=\"elementor-widget-container\">\n\t\t\t\t\t<h3 class=\"elementor-heading-title elementor-size-default\">Estamos ansiosos para come\u00e7ar essa jornada juntos.<\/h3>\t\t\t\t<\/div>\n\t\t\t\t<\/div>\n\t\t\t\t<div class=\"elementor-element elementor-element-09eaf5a elementor-align-center elementor-widget elementor-widget-button\" data-id=\"09eaf5a\" data-element_type=\"widget\" data-e-type=\"widget\" data-widget_type=\"button.default\">\n\t\t\t\t<div class=\"elementor-widget-container\">\n\t\t\t\t\t\t\t\t\t<div class=\"elementor-button-wrapper\">\n\t\t\t\t\t<a class=\"elementor-button elementor-button-link elementor-size-sm\" href=\"https:\/\/uninta.online\/digital\/wp-content\/uploads\/sites\/5\/2024\/04\/Regulamento-Afiliados-Polo-Digital.pdf\" target=\"_blank\">\n\t\t\t\t\t\t<span class=\"elementor-button-content-wrapper\">\n\t\t\t\t\t\t\t\t\t<span class=\"elementor-button-text\">Leia o REGULAMENTO DE PREMIA\u00c7\u00c3O - Afiliadas do polo digital.<\/span>\n\t\t\t\t\t<\/span>\n\t\t\t\t\t<\/a>\n\t\t\t\t<\/div>\n\t\t\t\t\t\t\t\t<\/div>\n\t\t\t\t<\/div>\n\t\t\t\t\t<\/div>\n\t\t<\/div>\n\t\t\t\t\t<\/div>\n\t\t<\/section>\n\t\t\t\t<\/div>\n\t\t","protected":false},"excerpt":{"rendered":"<p>Agradecemos sua inscri\u00e7\u00e3o! Estamos ansiosos para come\u00e7ar essa jornada juntos. Leia o REGULAMENTO DE PREMIA\u00c7\u00c3O &#8211; Afiliadas do polo digital.<\/p>\n","protected":false},"author":17,"featured_media":0,"parent":0,"menu_order":0,"comment_status":"closed","ping_status":"closed","template":"","meta":{"footnotes":""},"class_list":["post-2526","page","type-page","status-publish","hentry"],"yoast_head":"<!-- This site is optimized with the Yoast SEO plugin v27.3 - https:\/\/yoast.com\/product\/yoast-seo-wordpress\/ -->\n<title>Obrigado - Afiliado UNINTA - UNINTA EAD - Digital<\/title>\n<meta name=\"robots\" content=\"index, follow, max-snippet:-1, max-image-preview:large, max-video-preview:-1\" \/>\n<link rel=\"canonical\" href=\"https:\/\/uninta.online\/digital\/obrigado-afiliado-uninta\/\" \/>\n<meta property=\"og:locale\" content=\"pt_BR\" \/>\n<meta property=\"og:type\" content=\"article\" \/>\n<meta property=\"og:title\" content=\"Obrigado - Afiliado UNINTA - UNINTA EAD - Digital\" \/>\n<meta property=\"og:description\" content=\"Agradecemos sua inscri\u00e7\u00e3o! Estamos ansiosos para come\u00e7ar essa jornada juntos. Leia o REGULAMENTO DE PREMIA\u00c7\u00c3O &#8211; Afiliadas do polo digital.\" \/>\n<meta property=\"og:url\" content=\"https:\/\/uninta.online\/digital\/obrigado-afiliado-uninta\/\" \/>\n<meta property=\"og:site_name\" content=\"UNINTA EAD - Digital\" \/>\n<meta property=\"article:modified_time\" content=\"2024-04-29T11:34:44+00:00\" \/>\n<meta name=\"twitter:card\" content=\"summary_large_image\" \/>\n<script type=\"application\/ld+json\" class=\"yoast-schema-graph\">{\"@context\":\"https:\\\/\\\/schema.org\",\"@graph\":[{\"@type\":\"WebPage\",\"@id\":\"https:\\\/\\\/uninta.online\\\/digital\\\/obrigado-afiliado-uninta\\\/\",\"url\":\"https:\\\/\\\/uninta.online\\\/digital\\\/obrigado-afiliado-uninta\\\/\",\"name\":\"Obrigado - Afiliado UNINTA - UNINTA EAD - Digital\",\"isPartOf\":{\"@id\":\"https:\\\/\\\/uninta.online\\\/digital\\\/#website\"},\"datePublished\":\"2024-04-23T18:44:48+00:00\",\"dateModified\":\"2024-04-29T11:34:44+00:00\",\"breadcrumb\":{\"@id\":\"https:\\\/\\\/uninta.online\\\/digital\\\/obrigado-afiliado-uninta\\\/#breadcrumb\"},\"inLanguage\":\"pt-BR\",\"potentialAction\":[{\"@type\":\"ReadAction\",\"target\":[\"https:\\\/\\\/uninta.online\\\/digital\\\/obrigado-afiliado-uninta\\\/\"]}]},{\"@type\":\"BreadcrumbList\",\"@id\":\"https:\\\/\\\/uninta.online\\\/digital\\\/obrigado-afiliado-uninta\\\/#breadcrumb\",\"itemListElement\":[{\"@type\":\"ListItem\",\"position\":1,\"name\":\"In\u00edcio\",\"item\":\"https:\\\/\\\/uninta.online\\\/digital\\\/\"},{\"@type\":\"ListItem\",\"position\":2,\"name\":\"Obrigado &#8211; Afiliado UNINTA\"}]},{\"@type\":\"WebSite\",\"@id\":\"https:\\\/\\\/uninta.online\\\/digital\\\/#website\",\"url\":\"https:\\\/\\\/uninta.online\\\/digital\\\/\",\"name\":\"UNINTA EAD - Digital\",\"description\":\"Centro Universit\u00e1rio INTA\",\"publisher\":{\"@id\":\"https:\\\/\\\/uninta.online\\\/digital\\\/#organization\"},\"potentialAction\":[{\"@type\":\"SearchAction\",\"target\":{\"@type\":\"EntryPoint\",\"urlTemplate\":\"https:\\\/\\\/uninta.online\\\/digital\\\/?s={search_term_string}\"},\"query-input\":{\"@type\":\"PropertyValueSpecification\",\"valueRequired\":true,\"valueName\":\"search_term_string\"}}],\"inLanguage\":\"pt-BR\"},{\"@type\":\"Organization\",\"@id\":\"https:\\\/\\\/uninta.online\\\/digital\\\/#organization\",\"name\":\"UNINTA EAD - Digital\",\"url\":\"https:\\\/\\\/uninta.online\\\/digital\\\/\",\"logo\":{\"@type\":\"ImageObject\",\"inLanguage\":\"pt-BR\",\"@id\":\"https:\\\/\\\/uninta.online\\\/digital\\\/#\\\/schema\\\/logo\\\/image\\\/\",\"url\":\"https:\\\/\\\/uninta.online\\\/digital\\\/wp-content\\\/uploads\\\/sites\\\/5\\\/2022\\\/09\\\/logo-uninta-ead.png\",\"contentUrl\":\"https:\\\/\\\/uninta.online\\\/digital\\\/wp-content\\\/uploads\\\/sites\\\/5\\\/2022\\\/09\\\/logo-uninta-ead.png\",\"width\":150,\"height\":59,\"caption\":\"UNINTA EAD - Digital\"},\"image\":{\"@id\":\"https:\\\/\\\/uninta.online\\\/digital\\\/#\\\/schema\\\/logo\\\/image\\\/\"}}]}<\/script>\n<!-- \/ Yoast SEO plugin. -->","yoast_head_json":{"title":"Obrigado - Afiliado UNINTA - UNINTA EAD - Digital","robots":{"index":"index","follow":"follow","max-snippet":"max-snippet:-1","max-image-preview":"max-image-preview:large","max-video-preview":"max-video-preview:-1"},"canonical":"https:\/\/uninta.online\/digital\/obrigado-afiliado-uninta\/","og_locale":"pt_BR","og_type":"article","og_title":"Obrigado - Afiliado UNINTA - UNINTA EAD - Digital","og_description":"Agradecemos sua inscri\u00e7\u00e3o! Estamos ansiosos para come\u00e7ar essa jornada juntos. Leia o REGULAMENTO DE PREMIA\u00c7\u00c3O &#8211; Afiliadas do polo digital.","og_url":"https:\/\/uninta.online\/digital\/obrigado-afiliado-uninta\/","og_site_name":"UNINTA EAD - Digital","article_modified_time":"2024-04-29T11:34:44+00:00","twitter_card":"summary_large_image","schema":{"@context":"https:\/\/schema.org","@graph":[{"@type":"WebPage","@id":"https:\/\/uninta.online\/digital\/obrigado-afiliado-uninta\/","url":"https:\/\/uninta.online\/digital\/obrigado-afiliado-uninta\/","name":"Obrigado - Afiliado UNINTA - UNINTA EAD - Digital","isPartOf":{"@id":"https:\/\/uninta.online\/digital\/#website"},"datePublished":"2024-04-23T18:44:48+00:00","dateModified":"2024-04-29T11:34:44+00:00","breadcrumb":{"@id":"https:\/\/uninta.online\/digital\/obrigado-afiliado-uninta\/#breadcrumb"},"inLanguage":"pt-BR","potentialAction":[{"@type":"ReadAction","target":["https:\/\/uninta.online\/digital\/obrigado-afiliado-uninta\/"]}]},{"@type":"BreadcrumbList","@id":"https:\/\/uninta.online\/digital\/obrigado-afiliado-uninta\/#breadcrumb","itemListElement":[{"@type":"ListItem","position":1,"name":"In\u00edcio","item":"https:\/\/uninta.online\/digital\/"},{"@type":"ListItem","position":2,"name":"Obrigado &#8211; Afiliado UNINTA"}]},{"@type":"WebSite","@id":"https:\/\/uninta.online\/digital\/#website","url":"https:\/\/uninta.online\/digital\/","name":"UNINTA EAD - Digital","description":"Centro Universit\u00e1rio INTA","publisher":{"@id":"https:\/\/uninta.online\/digital\/#organization"},"potentialAction":[{"@type":"SearchAction","target":{"@type":"EntryPoint","urlTemplate":"https:\/\/uninta.online\/digital\/?s={search_term_string}"},"query-input":{"@type":"PropertyValueSpecification","valueRequired":true,"valueName":"search_term_string"}}],"inLanguage":"pt-BR"},{"@type":"Organization","@id":"https:\/\/uninta.online\/digital\/#organization","name":"UNINTA EAD - Digital","url":"https:\/\/uninta.online\/digital\/","logo":{"@type":"ImageObject","inLanguage":"pt-BR","@id":"https:\/\/uninta.online\/digital\/#\/schema\/logo\/image\/","url":"https:\/\/uninta.online\/digital\/wp-content\/uploads\/sites\/5\/2022\/09\/logo-uninta-ead.png","contentUrl":"https:\/\/uninta.online\/digital\/wp-content\/uploads\/sites\/5\/2022\/09\/logo-uninta-ead.png","width":150,"height":59,"caption":"UNINTA EAD - Digital"},"image":{"@id":"https:\/\/uninta.online\/digital\/#\/schema\/logo\/image\/"}}]}},"_links":{"self":[{"href":"https:\/\/uninta.online\/digital\/wp-json\/wp\/v2\/pages\/2526","targetHints":{"allow":["GET"]}}],"collection":[{"href":"https:\/\/uninta.online\/digital\/wp-json\/wp\/v2\/pages"}],"about":[{"href":"https:\/\/uninta.online\/digital\/wp-json\/wp\/v2\/types\/page"}],"author":[{"embeddable":true,"href":"https:\/\/uninta.online\/digital\/wp-json\/wp\/v2\/users\/17"}],"replies":[{"embeddable":true,"href":"https:\/\/uninta.online\/digital\/wp-json\/wp\/v2\/comments?post=2526"}],"version-history":[{"count":0,"href":"https:\/\/uninta.online\/digital\/wp-json\/wp\/v2\/pages\/2526\/revisions"}],"wp:attachment":[{"href":"https:\/\/uninta.online\/digital\/wp-json\/wp\/v2\/media?parent=2526"}],"curies":[{"name":"wp","href":"https:\/\/api.w.org\/{rel}","templated":true}]}}