{"id":1541,"date":"2023-02-16T14:30:16","date_gmt":"2023-02-16T17:30:16","guid":{"rendered":"https:\/\/uninta.online\/flex\/?page_id=1541"},"modified":"2023-02-16T14:38:50","modified_gmt":"2023-02-16T17:38:50","slug":"inscricao-realizada","status":"publish","type":"page","link":"https:\/\/uninta.online\/ead\/inscricao-realizada\/","title":{"rendered":"Inscri\u00e7\u00e3o Realizada"},"content":{"rendered":"\t\t<div data-elementor-type=\"wp-page\" data-elementor-id=\"1541\" class=\"elementor elementor-1541\" data-elementor-post-type=\"page\">\n\t\t\t\t\t\t<section class=\"elementor-section elementor-top-section elementor-element elementor-element-5734cb52 elementor-section-boxed elementor-section-height-default elementor-section-height-default\" data-id=\"5734cb52\" data-element_type=\"section\" data-e-type=\"section\" data-settings=\"{&quot;jet_parallax_layout_list&quot;:[]}\">\n\t\t\t\t\t\t<div class=\"elementor-container elementor-column-gap-default\">\n\t\t\t\t\t<div class=\"elementor-column elementor-col-50 elementor-top-column elementor-element elementor-element-1a7d7f4b\" data-id=\"1a7d7f4b\" data-element_type=\"column\" data-e-type=\"column\">\n\t\t\t<div class=\"elementor-widget-wrap elementor-element-populated\">\n\t\t\t\t\t\t<div class=\"elementor-element elementor-element-fc357ed elementor-widget elementor-widget-heading\" data-id=\"fc357ed\" data-element_type=\"widget\" data-e-type=\"widget\" data-widget_type=\"heading.default\">\n\t\t\t\t<div class=\"elementor-widget-container\">\n\t\t\t\t\t<h3 class=\"elementor-heading-title elementor-size-default\">A sua jornada com o <strong>UNINTA<\/strong> come\u00e7ou<\/h3>\t\t\t\t<\/div>\n\t\t\t\t<\/div>\n\t\t\t\t<div class=\"elementor-element elementor-element-ef6ffc0 elementor-icon-list--layout-traditional elementor-list-item-link-full_width elementor-widget elementor-widget-icon-list\" data-id=\"ef6ffc0\" data-element_type=\"widget\" data-e-type=\"widget\" data-widget_type=\"icon-list.default\">\n\t\t\t\t<div class=\"elementor-widget-container\">\n\t\t\t\t\t\t\t<ul class=\"elementor-icon-list-items\">\n\t\t\t\t\t\t\t<li class=\"elementor-icon-list-item\">\n\t\t\t\t\t\t\t\t\t\t<span class=\"elementor-icon-list-text\">Voc\u00ea receber\u00e1 um e-mail de confirma\u00e7\u00e3o de inscri\u00e7\u00e3o<\/span>\n\t\t\t\t\t\t\t\t\t<\/li>\n\t\t\t\t\t\t\t\t<li class=\"elementor-icon-list-item\">\n\t\t\t\t\t\t\t\t\t\t\t<a href=\"https:\/\/psonline.uninta.edu.br\/\" target=\"_blank\">\n\n\t\t\t\t\t\t\t\t\t\t\t<span class=\"elementor-icon-list-text\">Para fazer sua prova online agora <span style=\"color: #b00f14;font-weight: bold\">Clique Aqui<\/span><\/span>\n\t\t\t\t\t\t\t\t\t\t\t<\/a>\n\t\t\t\t\t\t\t\t\t<\/li>\n\t\t\t\t\t\t\t\t<li class=\"elementor-icon-list-item\">\n\t\t\t\t\t\t\t\t\t\t<span class=\"elementor-icon-list-text\">Seja bem vindo ao UNINTA!<\/span>\n\t\t\t\t\t\t\t\t\t<\/li>\n\t\t\t\t\t\t<\/ul>\n\t\t\t\t\t\t<\/div>\n\t\t\t\t<\/div>\n\t\t\t\t<div class=\"elementor-element elementor-element-4015c3df elementor-align-left elementor-widget elementor-widget-button\" data-id=\"4015c3df\" data-element_type=\"widget\" data-e-type=\"widget\" id=\"btn-gera-comprovante\" data-widget_type=\"button.default\">\n\t\t\t\t<div class=\"elementor-widget-container\">\n\t\t\t\t\t\t\t\t\t<div class=\"elementor-button-wrapper\">\n\t\t\t\t\t<a class=\"elementor-button elementor-button-link elementor-size-lg\" href=\"#\">\n\t\t\t\t\t\t<span class=\"elementor-button-content-wrapper\">\n\t\t\t\t\t\t<span class=\"elementor-button-icon\">\n\t\t\t\t<i aria-hidden=\"true\" class=\"fas fa-print\"><\/i>\t\t\t<\/span>\n\t\t\t\t\t\t\t\t\t<span class=\"elementor-button-text\">Imprimir Comprovante<\/span>\n\t\t\t\t\t<\/span>\n\t\t\t\t\t<\/a>\n\t\t\t\t<\/div>\n\t\t\t\t\t\t\t\t<\/div>\n\t\t\t\t<\/div>\n\t\t\t\t\t<\/div>\n\t\t<\/div>\n\t\t\t\t<div class=\"elementor-column elementor-col-50 elementor-top-column elementor-element elementor-element-38694a81\" data-id=\"38694a81\" data-element_type=\"column\" data-e-type=\"column\">\n\t\t\t<div class=\"elementor-widget-wrap elementor-element-populated\">\n\t\t\t\t\t\t<div class=\"elementor-element elementor-element-9a94767 elementor-widget elementor-widget-image\" data-id=\"9a94767\" data-element_type=\"widget\" data-e-type=\"widget\" data-widget_type=\"image.default\">\n\t\t\t\t<div class=\"elementor-widget-container\">\n\t\t\t\t\t\t\t\t\t\t\t\t\t\t\t<img fetchpriority=\"high\" decoding=\"async\" width=\"435\" height=\"434\" src=\"https:\/\/uninta.online\/ead\/wp-content\/uploads\/sites\/3\/2023\/02\/feature-conf.png\" class=\"attachment-full size-full wp-image-1550\" alt=\"\" srcset=\"https:\/\/uninta.online\/ead\/wp-content\/uploads\/sites\/3\/2023\/02\/feature-conf.png 435w, https:\/\/uninta.online\/ead\/wp-content\/uploads\/sites\/3\/2023\/02\/feature-conf-300x300.png 300w, https:\/\/uninta.online\/ead\/wp-content\/uploads\/sites\/3\/2023\/02\/feature-conf-150x150.png 150w\" sizes=\"(max-width: 435px) 100vw, 435px\" \/>\t\t\t\t\t\t\t\t\t\t\t\t\t\t\t<\/div>\n\t\t\t\t<\/div>\n\t\t\t\t\t<\/div>\n\t\t<\/div>\n\t\t\t\t\t<\/div>\n\t\t<\/section>\n\t\t\t\t<\/div>\n\t\t","protected":false},"excerpt":{"rendered":"<p>A sua jornada com o UNINTA come\u00e7ou Voc\u00ea receber\u00e1 um e-mail de confirma\u00e7\u00e3o de inscri\u00e7\u00e3o Para fazer sua prova online agora Clique Aqui Seja bem vindo ao UNINTA! Imprimir Comprovante<\/p>\n","protected":false},"author":1,"featured_media":0,"parent":0,"menu_order":0,"comment_status":"closed","ping_status":"closed","template":"","meta":{"footnotes":""},"class_list":["post-1541","page","type-page","status-publish","hentry"],"yoast_head":"<!-- This site is optimized with the Yoast SEO plugin v27.3 - https:\/\/yoast.com\/product\/yoast-seo-wordpress\/ -->\n<title>Inscri\u00e7\u00e3o Realizada - UNINTA EAD<\/title>\n<meta name=\"robots\" content=\"index, follow, max-snippet:-1, max-image-preview:large, max-video-preview:-1\" \/>\n<link rel=\"canonical\" href=\"https:\/\/uninta.online\/ead\/inscricao-realizada\/\" \/>\n<meta property=\"og:locale\" content=\"pt_BR\" \/>\n<meta property=\"og:type\" content=\"article\" \/>\n<meta property=\"og:title\" content=\"Inscri\u00e7\u00e3o Realizada - UNINTA EAD\" \/>\n<meta property=\"og:description\" content=\"A sua jornada com o UNINTA come\u00e7ou Voc\u00ea receber\u00e1 um e-mail de confirma\u00e7\u00e3o de inscri\u00e7\u00e3o Para fazer sua prova online agora Clique Aqui Seja bem vindo ao UNINTA! Imprimir Comprovante\" \/>\n<meta property=\"og:url\" content=\"https:\/\/uninta.online\/ead\/inscricao-realizada\/\" \/>\n<meta property=\"og:site_name\" content=\"UNINTA EAD\" \/>\n<meta property=\"article:modified_time\" content=\"2023-02-16T17:38:50+00:00\" \/>\n<meta property=\"og:image\" content=\"https:\/\/uninta.online\/flex\/wp-content\/uploads\/sites\/3\/2023\/02\/feature-conf.png\" \/>\n<meta name=\"twitter:card\" content=\"summary_large_image\" \/>\n<script type=\"application\/ld+json\" class=\"yoast-schema-graph\">{\"@context\":\"https:\\\/\\\/schema.org\",\"@graph\":[{\"@type\":\"WebPage\",\"@id\":\"https:\\\/\\\/uninta.online\\\/ead\\\/inscricao-realizada\\\/\",\"url\":\"https:\\\/\\\/uninta.online\\\/ead\\\/inscricao-realizada\\\/\",\"name\":\"Inscri\u00e7\u00e3o Realizada - UNINTA EAD\",\"isPartOf\":{\"@id\":\"https:\\\/\\\/uninta.online\\\/ead\\\/#website\"},\"primaryImageOfPage\":{\"@id\":\"https:\\\/\\\/uninta.online\\\/ead\\\/inscricao-realizada\\\/#primaryimage\"},\"image\":{\"@id\":\"https:\\\/\\\/uninta.online\\\/ead\\\/inscricao-realizada\\\/#primaryimage\"},\"thumbnailUrl\":\"https:\\\/\\\/uninta.online\\\/flex\\\/wp-content\\\/uploads\\\/sites\\\/3\\\/2023\\\/02\\\/feature-conf.png\",\"datePublished\":\"2023-02-16T17:30:16+00:00\",\"dateModified\":\"2023-02-16T17:38:50+00:00\",\"breadcrumb\":{\"@id\":\"https:\\\/\\\/uninta.online\\\/ead\\\/inscricao-realizada\\\/#breadcrumb\"},\"inLanguage\":\"pt-BR\",\"potentialAction\":[{\"@type\":\"ReadAction\",\"target\":[\"https:\\\/\\\/uninta.online\\\/ead\\\/inscricao-realizada\\\/\"]}]},{\"@type\":\"ImageObject\",\"inLanguage\":\"pt-BR\",\"@id\":\"https:\\\/\\\/uninta.online\\\/ead\\\/inscricao-realizada\\\/#primaryimage\",\"url\":\"https:\\\/\\\/uninta.online\\\/flex\\\/wp-content\\\/uploads\\\/sites\\\/3\\\/2023\\\/02\\\/feature-conf.png\",\"contentUrl\":\"https:\\\/\\\/uninta.online\\\/flex\\\/wp-content\\\/uploads\\\/sites\\\/3\\\/2023\\\/02\\\/feature-conf.png\"},{\"@type\":\"BreadcrumbList\",\"@id\":\"https:\\\/\\\/uninta.online\\\/ead\\\/inscricao-realizada\\\/#breadcrumb\",\"itemListElement\":[{\"@type\":\"ListItem\",\"position\":1,\"name\":\"In\u00edcio\",\"item\":\"https:\\\/\\\/uninta.online\\\/ead\\\/\"},{\"@type\":\"ListItem\",\"position\":2,\"name\":\"Inscri\u00e7\u00e3o Realizada\"}]},{\"@type\":\"WebSite\",\"@id\":\"https:\\\/\\\/uninta.online\\\/ead\\\/#website\",\"url\":\"https:\\\/\\\/uninta.online\\\/ead\\\/\",\"name\":\"UNINTA EAD\",\"description\":\"Centro Universit\u00e1rio INTA\",\"publisher\":{\"@id\":\"https:\\\/\\\/uninta.online\\\/ead\\\/#organization\"},\"potentialAction\":[{\"@type\":\"SearchAction\",\"target\":{\"@type\":\"EntryPoint\",\"urlTemplate\":\"https:\\\/\\\/uninta.online\\\/ead\\\/?s={search_term_string}\"},\"query-input\":{\"@type\":\"PropertyValueSpecification\",\"valueRequired\":true,\"valueName\":\"search_term_string\"}}],\"inLanguage\":\"pt-BR\"},{\"@type\":\"Organization\",\"@id\":\"https:\\\/\\\/uninta.online\\\/ead\\\/#organization\",\"name\":\"UNINTA EAD\",\"url\":\"https:\\\/\\\/uninta.online\\\/ead\\\/\",\"logo\":{\"@type\":\"ImageObject\",\"inLanguage\":\"pt-BR\",\"@id\":\"https:\\\/\\\/uninta.online\\\/ead\\\/#\\\/schema\\\/logo\\\/image\\\/\",\"url\":\"https:\\\/\\\/uninta.online\\\/ead\\\/wp-content\\\/uploads\\\/sites\\\/3\\\/2022\\\/09\\\/logo-uninta-ead.png\",\"contentUrl\":\"https:\\\/\\\/uninta.online\\\/ead\\\/wp-content\\\/uploads\\\/sites\\\/3\\\/2022\\\/09\\\/logo-uninta-ead.png\",\"width\":150,\"height\":59,\"caption\":\"UNINTA EAD\"},\"image\":{\"@id\":\"https:\\\/\\\/uninta.online\\\/ead\\\/#\\\/schema\\\/logo\\\/image\\\/\"}}]}<\/script>\n<!-- \/ Yoast SEO plugin. -->","yoast_head_json":{"title":"Inscri\u00e7\u00e3o Realizada - UNINTA EAD","robots":{"index":"index","follow":"follow","max-snippet":"max-snippet:-1","max-image-preview":"max-image-preview:large","max-video-preview":"max-video-preview:-1"},"canonical":"https:\/\/uninta.online\/ead\/inscricao-realizada\/","og_locale":"pt_BR","og_type":"article","og_title":"Inscri\u00e7\u00e3o Realizada - UNINTA EAD","og_description":"A sua jornada com o UNINTA come\u00e7ou Voc\u00ea receber\u00e1 um e-mail de confirma\u00e7\u00e3o de inscri\u00e7\u00e3o Para fazer sua prova online agora Clique Aqui Seja bem vindo ao UNINTA! Imprimir Comprovante","og_url":"https:\/\/uninta.online\/ead\/inscricao-realizada\/","og_site_name":"UNINTA EAD","article_modified_time":"2023-02-16T17:38:50+00:00","og_image":[{"url":"https:\/\/uninta.online\/flex\/wp-content\/uploads\/sites\/3\/2023\/02\/feature-conf.png","type":"","width":"","height":""}],"twitter_card":"summary_large_image","schema":{"@context":"https:\/\/schema.org","@graph":[{"@type":"WebPage","@id":"https:\/\/uninta.online\/ead\/inscricao-realizada\/","url":"https:\/\/uninta.online\/ead\/inscricao-realizada\/","name":"Inscri\u00e7\u00e3o Realizada - UNINTA EAD","isPartOf":{"@id":"https:\/\/uninta.online\/ead\/#website"},"primaryImageOfPage":{"@id":"https:\/\/uninta.online\/ead\/inscricao-realizada\/#primaryimage"},"image":{"@id":"https:\/\/uninta.online\/ead\/inscricao-realizada\/#primaryimage"},"thumbnailUrl":"https:\/\/uninta.online\/flex\/wp-content\/uploads\/sites\/3\/2023\/02\/feature-conf.png","datePublished":"2023-02-16T17:30:16+00:00","dateModified":"2023-02-16T17:38:50+00:00","breadcrumb":{"@id":"https:\/\/uninta.online\/ead\/inscricao-realizada\/#breadcrumb"},"inLanguage":"pt-BR","potentialAction":[{"@type":"ReadAction","target":["https:\/\/uninta.online\/ead\/inscricao-realizada\/"]}]},{"@type":"ImageObject","inLanguage":"pt-BR","@id":"https:\/\/uninta.online\/ead\/inscricao-realizada\/#primaryimage","url":"https:\/\/uninta.online\/flex\/wp-content\/uploads\/sites\/3\/2023\/02\/feature-conf.png","contentUrl":"https:\/\/uninta.online\/flex\/wp-content\/uploads\/sites\/3\/2023\/02\/feature-conf.png"},{"@type":"BreadcrumbList","@id":"https:\/\/uninta.online\/ead\/inscricao-realizada\/#breadcrumb","itemListElement":[{"@type":"ListItem","position":1,"name":"In\u00edcio","item":"https:\/\/uninta.online\/ead\/"},{"@type":"ListItem","position":2,"name":"Inscri\u00e7\u00e3o Realizada"}]},{"@type":"WebSite","@id":"https:\/\/uninta.online\/ead\/#website","url":"https:\/\/uninta.online\/ead\/","name":"UNINTA EAD","description":"Centro Universit\u00e1rio INTA","publisher":{"@id":"https:\/\/uninta.online\/ead\/#organization"},"potentialAction":[{"@type":"SearchAction","target":{"@type":"EntryPoint","urlTemplate":"https:\/\/uninta.online\/ead\/?s={search_term_string}"},"query-input":{"@type":"PropertyValueSpecification","valueRequired":true,"valueName":"search_term_string"}}],"inLanguage":"pt-BR"},{"@type":"Organization","@id":"https:\/\/uninta.online\/ead\/#organization","name":"UNINTA EAD","url":"https:\/\/uninta.online\/ead\/","logo":{"@type":"ImageObject","inLanguage":"pt-BR","@id":"https:\/\/uninta.online\/ead\/#\/schema\/logo\/image\/","url":"https:\/\/uninta.online\/ead\/wp-content\/uploads\/sites\/3\/2022\/09\/logo-uninta-ead.png","contentUrl":"https:\/\/uninta.online\/ead\/wp-content\/uploads\/sites\/3\/2022\/09\/logo-uninta-ead.png","width":150,"height":59,"caption":"UNINTA EAD"},"image":{"@id":"https:\/\/uninta.online\/ead\/#\/schema\/logo\/image\/"}}]}},"_links":{"self":[{"href":"https:\/\/uninta.online\/ead\/wp-json\/wp\/v2\/pages\/1541","targetHints":{"allow":["GET"]}}],"collection":[{"href":"https:\/\/uninta.online\/ead\/wp-json\/wp\/v2\/pages"}],"about":[{"href":"https:\/\/uninta.online\/ead\/wp-json\/wp\/v2\/types\/page"}],"author":[{"embeddable":true,"href":"https:\/\/uninta.online\/ead\/wp-json\/wp\/v2\/users\/1"}],"replies":[{"embeddable":true,"href":"https:\/\/uninta.online\/ead\/wp-json\/wp\/v2\/comments?post=1541"}],"version-history":[{"count":0,"href":"https:\/\/uninta.online\/ead\/wp-json\/wp\/v2\/pages\/1541\/revisions"}],"wp:attachment":[{"href":"https:\/\/uninta.online\/ead\/wp-json\/wp\/v2\/media?parent=1541"}],"curies":[{"name":"wp","href":"https:\/\/api.w.org\/{rel}","templated":true}]}}